{"id":1248,"date":"2022-03-31T15:58:52","date_gmt":"2022-03-31T13:58:52","guid":{"rendered":"https:\/\/defseminar.com\/?page_id=1248"},"modified":"2026-02-02T15:46:16","modified_gmt":"2026-02-02T14:46:16","slug":"information","status":"publish","type":"page","link":"https:\/\/defseminar.com\/en\/information\/","title":{"rendered":"INFORMATION"},"content":{"rendered":"\t\t<div data-elementor-type=\"wp-page\" data-elementor-id=\"1248\" class=\"elementor elementor-1248\" data-elementor-post-type=\"page\">\n\t\t\t\t\t\t<section class=\"elementor-section elementor-top-section elementor-element elementor-element-92d6d85 elementor-section-stretched elementor-section-boxed elementor-section-height-default elementor-section-height-default\" data-id=\"92d6d85\" data-element_type=\"section\" data-settings=\"{&quot;stretch_section&quot;:&quot;section-stretched&quot;}\">\n\t\t\t\t\t\t\t<div class=\"elementor-background-overlay\"><\/div>\n\t\t\t\t\t\t\t<div class=\"elementor-container elementor-column-gap-default\">\n\t\t\t\t\t<div class=\"elementor-column elementor-col-50 elementor-top-column elementor-element elementor-element-6f40db84\" data-id=\"6f40db84\" data-element_type=\"column\">\n\t\t\t<div class=\"elementor-widget-wrap elementor-element-populated\">\n\t\t\t\t\t\t<div class=\"elementor-element elementor-element-616d39a elementor-widget elementor-widget-spacer\" data-id=\"616d39a\" data-element_type=\"widget\" data-widget_type=\"spacer.default\">\n\t\t\t\t<div class=\"elementor-widget-container\">\n\t\t\t\t\t\t\t<div class=\"elementor-spacer\">\n\t\t\t<div class=\"elementor-spacer-inner\"><\/div>\n\t\t<\/div>\n\t\t\t\t\t\t<\/div>\n\t\t\t\t<\/div>\n\t\t\t\t<div class=\"elementor-element elementor-element-5cde736d elementor-widget elementor-widget-heading\" data-id=\"5cde736d\" data-element_type=\"widget\" data-widget_type=\"heading.default\">\n\t\t\t\t<div class=\"elementor-widget-container\">\n\t\t\t\t\t<h4 class=\"elementor-heading-title elementor-size-default\">Meeting \nPlace<\/h4>\t\t\t\t<\/div>\n\t\t\t\t<\/div>\n\t\t\t\t<div class=\"elementor-element elementor-element-9aef640 elementor-widget elementor-widget-text-editor\" data-id=\"9aef640\" data-element_type=\"widget\" data-widget_type=\"text-editor.default\">\n\t\t\t\t<div class=\"elementor-widget-container\">\n\t\t\t\t\t\t\t\t\t<p class=\"x_MsoNormal\"><span lang=\"EN-US\">IFSI (H\u00f4pital Foch)<br \/>1<\/span><span lang=\"EN-US\">1, rue Guillaume Lenoir<br \/><\/span><span lang=\"EN-US\">92150 Suresnes<\/span><\/p>\t\t\t\t\t\t\t\t<\/div>\n\t\t\t\t<\/div>\n\t\t\t\t<div class=\"elementor-element elementor-element-0488889 elementor-widget-divider--view-line elementor-widget elementor-widget-divider\" data-id=\"0488889\" data-element_type=\"widget\" data-widget_type=\"divider.default\">\n\t\t\t\t<div class=\"elementor-widget-container\">\n\t\t\t\t\t\t\t<div class=\"elementor-divider\">\n\t\t\t<span class=\"elementor-divider-separator\">\n\t\t\t\t\t\t<\/span>\n\t\t<\/div>\n\t\t\t\t\t\t<\/div>\n\t\t\t\t<\/div>\n\t\t\t\t\t<\/div>\n\t\t<\/div>\n\t\t\t\t<div class=\"elementor-column elementor-col-50 elementor-top-column elementor-element elementor-element-2a422b1a\" data-id=\"2a422b1a\" data-element_type=\"column\">\n\t\t\t<div class=\"elementor-widget-wrap elementor-element-populated\">\n\t\t\t\t\t\t<div class=\"elementor-element elementor-element-854d3a9 elementor-widget elementor-widget-spacer\" data-id=\"854d3a9\" data-element_type=\"widget\" data-widget_type=\"spacer.default\">\n\t\t\t\t<div class=\"elementor-widget-container\">\n\t\t\t\t\t\t\t<div class=\"elementor-spacer\">\n\t\t\t<div class=\"elementor-spacer-inner\"><\/div>\n\t\t<\/div>\n\t\t\t\t\t\t<\/div>\n\t\t\t\t<\/div>\n\t\t\t\t<div class=\"elementor-element elementor-element-6ac65e87 elementor-widget elementor-widget-google_maps\" data-id=\"6ac65e87\" data-element_type=\"widget\" data-widget_type=\"google_maps.default\">\n\t\t\t\t<div class=\"elementor-widget-container\">\n\t\t\t\t\t\t\t<div class=\"elementor-custom-embed\">\n\t\t\t<iframe loading=\"lazy\"\n\t\t\t\t\tsrc=\"https:\/\/maps.google.com\/maps?q=11%20rue%20guillaume%20lenoir%2092150%20Suresnes&#038;t=m&#038;z=18&#038;output=embed&#038;iwloc=near\"\n\t\t\t\t\ttitle=\"11 rue guillaume lenoir 92150 Suresnes\"\n\t\t\t\t\taria-label=\"11 rue guillaume lenoir 92150 Suresnes\"\n\t\t\t><\/iframe>\n\t\t<\/div>\n\t\t\t\t\t\t<\/div>\n\t\t\t\t<\/div>\n\t\t\t\t\t<\/div>\n\t\t<\/div>\n\t\t\t\t\t<\/div>\n\t\t<\/section>\n\t\t\t\t<section class=\"elementor-section elementor-top-section elementor-element elementor-element-5db6770 elementor-section-stretched elementor-section-boxed elementor-section-height-default elementor-section-height-default\" data-id=\"5db6770\" data-element_type=\"section\" data-settings=\"{&quot;stretch_section&quot;:&quot;section-stretched&quot;}\">\n\t\t\t\t\t\t\t<div class=\"elementor-background-overlay\"><\/div>\n\t\t\t\t\t\t\t<div class=\"elementor-container elementor-column-gap-default\">\n\t\t\t\t\t<div class=\"elementor-column elementor-col-50 elementor-top-column elementor-element elementor-element-9bbb7fe\" data-id=\"9bbb7fe\" data-element_type=\"column\">\n\t\t\t<div class=\"elementor-widget-wrap elementor-element-populated\">\n\t\t\t\t\t\t<div class=\"elementor-element elementor-element-c8c0fe9 elementor-widget elementor-widget-heading\" data-id=\"c8c0fe9\" data-element_type=\"widget\" data-widget_type=\"heading.default\">\n\t\t\t\t<div class=\"elementor-widget-container\">\n\t\t\t\t\t<h4 class=\"elementor-heading-title elementor-size-default\">How to get to H\u00f4pital Foch<\/h4>\t\t\t\t<\/div>\n\t\t\t\t<\/div>\n\t\t\t\t<div class=\"elementor-element elementor-element-0a97b44 elementor-widget-divider--view-line elementor-widget elementor-widget-divider\" data-id=\"0a97b44\" data-element_type=\"widget\" data-widget_type=\"divider.default\">\n\t\t\t\t<div class=\"elementor-widget-container\">\n\t\t\t\t\t\t\t<div class=\"elementor-divider\">\n\t\t\t<span class=\"elementor-divider-separator\">\n\t\t\t\t\t\t<\/span>\n\t\t<\/div>\n\t\t\t\t\t\t<\/div>\n\t\t\t\t<\/div>\n\t\t\t\t<div class=\"elementor-element elementor-element-9f00b00 elementor-widget elementor-widget-text-editor\" data-id=\"9f00b00\" data-element_type=\"widget\" data-widget_type=\"text-editor.default\">\n\t\t\t\t<div class=\"elementor-widget-container\">\n\t\t\t\t\t\t\t\t\t<p class=\"x_MsoNormal\"><span lang=\"EN-US\"><strong>More information<br \/>about H\u00f4pital Foch:<br \/><\/strong> <a href=\"https:\/\/www.hopital-foch.com\/patients-familles\/ma-vie-a-lhopital\/infos-pratiques\/\" target=\"_blank\" rel=\"noopener noreferrer\" data-auth=\"NotApplicable\" data-linkindex=\"3\">Click here<\/a><\/span><\/p>\t\t\t\t\t\t\t\t<\/div>\n\t\t\t\t<\/div>\n\t\t\t\t<div class=\"elementor-element elementor-element-9d4a79a elementor-widget-divider--view-line elementor-widget elementor-widget-divider\" data-id=\"9d4a79a\" data-element_type=\"widget\" data-widget_type=\"divider.default\">\n\t\t\t\t<div class=\"elementor-widget-container\">\n\t\t\t\t\t\t\t<div class=\"elementor-divider\">\n\t\t\t<span class=\"elementor-divider-separator\">\n\t\t\t\t\t\t<\/span>\n\t\t<\/div>\n\t\t\t\t\t\t<\/div>\n\t\t\t\t<\/div>\n\t\t\t\t<div class=\"elementor-element elementor-element-022e1b2 elementor-widget elementor-widget-text-editor\" data-id=\"022e1b2\" data-element_type=\"widget\" data-widget_type=\"text-editor.default\">\n\t\t\t\t<div class=\"elementor-widget-container\">\n\t\t\t\t\t\t\t\t\t<p class=\"x_MsoNormal\"><span lang=\"EN-US\"><strong>Suresnes public transport map<br \/><\/strong> <a href=\"https:\/\/defseminar.com\/wp-content\/uploads\/2022\/03\/plan-transports-en-commun-suresnes.pdf\" target=\"_blank\" rel=\"noopener noreferrer\" data-auth=\"NotApplicable\" data-linkindex=\"3\">Click here<\/a><\/span><\/p>\t\t\t\t\t\t\t\t<\/div>\n\t\t\t\t<\/div>\n\t\t\t\t\t<\/div>\n\t\t<\/div>\n\t\t\t\t<div class=\"elementor-column elementor-col-50 elementor-top-column elementor-element elementor-element-6b3ae3d\" data-id=\"6b3ae3d\" data-element_type=\"column\">\n\t\t\t<div class=\"elementor-widget-wrap elementor-element-populated\">\n\t\t\t\t\t\t<div class=\"elementor-element elementor-element-e0e6427 elementor-widget elementor-widget-spacer\" data-id=\"e0e6427\" data-element_type=\"widget\" data-widget_type=\"spacer.default\">\n\t\t\t\t<div class=\"elementor-widget-container\">\n\t\t\t\t\t\t\t<div class=\"elementor-spacer\">\n\t\t\t<div class=\"elementor-spacer-inner\"><\/div>\n\t\t<\/div>\n\t\t\t\t\t\t<\/div>\n\t\t\t\t<\/div>\n\t\t\t\t<div class=\"elementor-element elementor-element-7758151 elementor-widget elementor-widget-text-editor\" data-id=\"7758151\" data-element_type=\"widget\" data-widget_type=\"text-editor.default\">\n\t\t\t\t<div class=\"elementor-widget-container\">\n\t\t\t\t\t\t\t\t\t<p class=\"x_MsoNormal\"><strong>By train<\/strong><\/p><ul><li><span lang=\"EN-US\">The closest railway station from H\u00f4pital Foch is \u201cSuresnes Mont-Val\u00e9rien\u201d with the Line L to Versailles.<\/span><\/li><li><span lang=\"EN-US\">Line 2 of the Tram Val-de-Seine, <\/span><span lang=\"EN-US\">\u201c<\/span><span lang=\"EN-US\">Suresnes Longchamp\u201d Station.<\/span><\/li><\/ul><p class=\"x_MsoNormal\"><strong><span lang=\"EN-US\">By plane<\/span><\/strong><\/p><ul><li class=\"x_MsoNormal\"><span lang=\"EN-US\">Orly Airport 26km from H\u00f4pital Foch, 30-45 minutes by car<\/span><\/li><li class=\"x_MsoNormal\"><span lang=\"EN-US\">CDG airport 35km from H\u00f4pital Foch, 45 minutes-1h by car<br \/><\/span><\/li><\/ul><p class=\"x_MsoNormal\"><strong><span lang=\"EN-US\">Bus companies<\/span><\/strong><\/p><ul><li class=\"x_MsoNormal\"><span lang=\"EN-US\">Lines 144, 160, 175, 241, 244, 344, 360, have a bus stop near the H\u00f4pital Foch.<\/span><\/li><\/ul><p class=\"x_MsoNormal\"><strong><span lang=\"EN-US\">Taxis<\/span><\/strong><\/p><ul><li class=\"x_MsoNormal\"><span lang=\"EN-US\">From airports and train stations, taxi companies available.<\/span><\/li><\/ul>\t\t\t\t\t\t\t\t<\/div>\n\t\t\t\t<\/div>\n\t\t\t\t\t<\/div>\n\t\t<\/div>\n\t\t\t\t\t<\/div>\n\t\t<\/section>\n\t\t\t\t<section class=\"elementor-section elementor-top-section elementor-element elementor-element-43a65b5 elementor-section-stretched elementor-section-boxed elementor-section-height-default elementor-section-height-default\" data-id=\"43a65b5\" data-element_type=\"section\" data-settings=\"{&quot;stretch_section&quot;:&quot;section-stretched&quot;}\">\n\t\t\t\t\t\t\t<div class=\"elementor-background-overlay\"><\/div>\n\t\t\t\t\t\t\t<div class=\"elementor-container elementor-column-gap-default\">\n\t\t\t\t\t<div class=\"elementor-column elementor-col-50 elementor-top-column elementor-element elementor-element-1dda424\" data-id=\"1dda424\" data-element_type=\"column\">\n\t\t\t<div class=\"elementor-widget-wrap elementor-element-populated\">\n\t\t\t\t\t\t<div class=\"elementor-element elementor-element-ab21099 elementor-widget elementor-widget-spacer\" data-id=\"ab21099\" data-element_type=\"widget\" data-widget_type=\"spacer.default\">\n\t\t\t\t<div class=\"elementor-widget-container\">\n\t\t\t\t\t\t\t<div class=\"elementor-spacer\">\n\t\t\t<div class=\"elementor-spacer-inner\"><\/div>\n\t\t<\/div>\n\t\t\t\t\t\t<\/div>\n\t\t\t\t<\/div>\n\t\t\t\t<div class=\"elementor-element elementor-element-af8d4e7 elementor-widget elementor-widget-heading\" data-id=\"af8d4e7\" data-element_type=\"widget\" data-widget_type=\"heading.default\">\n\t\t\t\t<div class=\"elementor-widget-container\">\n\t\t\t\t\t<h4 class=\"elementor-heading-title elementor-size-default\">Travel rebate vouchers<\/h4>\t\t\t\t<\/div>\n\t\t\t\t<\/div>\n\t\t\t\t<div class=\"elementor-element elementor-element-5b67f6e elementor-widget-divider--view-line elementor-widget elementor-widget-divider\" data-id=\"5b67f6e\" data-element_type=\"widget\" data-widget_type=\"divider.default\">\n\t\t\t\t<div class=\"elementor-widget-container\">\n\t\t\t\t\t\t\t<div class=\"elementor-divider\">\n\t\t\t<span class=\"elementor-divider-separator\">\n\t\t\t\t\t\t<\/span>\n\t\t<\/div>\n\t\t\t\t\t\t<\/div>\n\t\t\t\t<\/div>\n\t\t\t\t<div class=\"elementor-element elementor-element-3dbe6c2 elementor-widget elementor-widget-image\" data-id=\"3dbe6c2\" data-element_type=\"widget\" data-widget_type=\"image.default\">\n\t\t\t\t<div class=\"elementor-widget-container\">\n\t\t\t\t\t\t\t\t\t\t\t\t\t\t\t<img decoding=\"async\" width=\"250\" height=\"150\" src=\"https:\/\/defseminar.com\/wp-content\/uploads\/2022\/03\/Sans-titre-9-1.png\" class=\"attachment-medium size-medium wp-image-1275\" alt=\"\" srcset=\"https:\/\/defseminar.com\/wp-content\/uploads\/2022\/03\/Sans-titre-9-1.png 250w, https:\/\/defseminar.com\/wp-content\/uploads\/2022\/03\/Sans-titre-9-1-18x12.png 18w\" sizes=\"(max-width: 250px) 100vw, 250px\" \/>\t\t\t\t\t\t\t\t\t\t\t\t\t\t\t<\/div>\n\t\t\t\t<\/div>\n\t\t\t\t\t<\/div>\n\t\t<\/div>\n\t\t\t\t<div class=\"elementor-column elementor-col-50 elementor-top-column elementor-element elementor-element-0f51d67\" data-id=\"0f51d67\" data-element_type=\"column\">\n\t\t\t<div class=\"elementor-widget-wrap elementor-element-populated\">\n\t\t\t\t\t\t<div class=\"elementor-element elementor-element-1a6a103 elementor-widget elementor-widget-spacer\" data-id=\"1a6a103\" data-element_type=\"widget\" data-widget_type=\"spacer.default\">\n\t\t\t\t<div class=\"elementor-widget-container\">\n\t\t\t\t\t\t\t<div class=\"elementor-spacer\">\n\t\t\t<div class=\"elementor-spacer-inner\"><\/div>\n\t\t<\/div>\n\t\t\t\t\t\t<\/div>\n\t\t\t\t<\/div>\n\t\t\t\t<div class=\"elementor-element elementor-element-0d1b281 elementor-widget elementor-widget-text-editor\" data-id=\"0d1b281\" data-element_type=\"widget\" data-widget_type=\"text-editor.default\">\n\t\t\t\t<div class=\"elementor-widget-container\">\n\t\t\t\t\t\t\t\t\t<p><strong>TRAVEL REBATE VOUCHERS<\/strong> <br \/><a href=\"http:\/\/defseminar.com\/wp-content\/uploads\/2026\/02\/GME60694AF-IDC-Flyer-EN.pdf\" target=\"_blank\" rel=\"noopener\">Click here<\/a> to download the voucher<\/p><p><span lang=\"EN-US\"><strong>Event name:<\/strong> DEF SEMINAR 2026<br \/><\/span><span lang=\"EN-US\"><strong>Event ID:<\/strong> 4824S<br \/><\/span><span lang=\"EN-US\"><strong>Valid for travel from<\/strong> September 7, 2026 to September 22, 2026<br \/><\/span><span lang=\"EN-US\"><strong>Event location:<\/strong> Suresnes &#8211; France<\/span><\/p><p class=\"x_MsoNormal\"><strong><span lang=\"EN-US\">Attractive discounts on wide range of public fares on all SkyTeam member airlines flights <\/span><\/strong><span lang=\"EN-US\"><strong>worldwide**. <\/strong><\/span><\/p><p class=\"x_MsoNormal\"><span lang=\"EN-US\">Use the website of this event or visit http:\/\/www.skyteam.com\/globalmeetings to access <\/span><span lang=\"EN-US\">attractive fares granted for this event ;<\/span><\/p><p class=\"x_MsoNormal\"><span lang=\"EN-US\">\u2022 Make your booking<br \/><\/span><span lang=\"EN-US\">\u2022 Select your seat**<br \/><\/span><span lang=\"EN-US\">\u2022 Issue your electronic ticket<\/span><\/p><p class=\"x_MsoNormal\"><strong><span lang=\"EN-US\">YOU MUST KEEP THIS DOCUMENT AS IT MAY BE REQUESTED AT ANY TIME OF YOUR JOURNEY.<\/span><\/strong><\/p><p class=\"x_MsoNormal\"><strong><span lang=\"EN-US\">\u00a0<\/span><\/strong><\/p><p class=\"x_MsoNormal\"><i><span lang=\"EN-US\">** subject to conditions<\/span><\/i><\/p>\t\t\t\t\t\t\t\t<\/div>\n\t\t\t\t<\/div>\n\t\t\t\t\t<\/div>\n\t\t<\/div>\n\t\t\t\t\t<\/div>\n\t\t<\/section>\n\t\t\t\t<\/div>\n\t\t","protected":false},"excerpt":{"rendered":"<p>Meeting Place IFSI (H\u00f4pital Foch)11, rue Guillaume Lenoir92150 Suresnes How to get to H\u00f4pital Foch More informationabout H\u00f4pital Foch: Click here Suresnes public transport map Click here By train The closest railway station from H\u00f4pital Foch is \u201cSuresnes Mont-Val\u00e9rien\u201d with the Line L to Versailles. Line 2 of the Tram Val-de-Seine, \u201cSuresnes Longchamp\u201d Station. By [&hellip;]<\/p>\n","protected":false},"author":5,"featured_media":0,"parent":0,"menu_order":0,"comment_status":"closed","ping_status":"closed","template":"","meta":{"footnotes":""},"class_list":["post-1248","page","type-page","status-publish","hentry"],"_links":{"self":[{"href":"https:\/\/defseminar.com\/en\/wp-json\/wp\/v2\/pages\/1248","targetHints":{"allow":["GET"]}}],"collection":[{"href":"https:\/\/defseminar.com\/en\/wp-json\/wp\/v2\/pages"}],"about":[{"href":"https:\/\/defseminar.com\/en\/wp-json\/wp\/v2\/types\/page"}],"author":[{"embeddable":true,"href":"https:\/\/defseminar.com\/en\/wp-json\/wp\/v2\/users\/5"}],"replies":[{"embeddable":true,"href":"https:\/\/defseminar.com\/en\/wp-json\/wp\/v2\/comments?post=1248"}],"version-history":[{"count":33,"href":"https:\/\/defseminar.com\/en\/wp-json\/wp\/v2\/pages\/1248\/revisions"}],"predecessor-version":[{"id":2115,"href":"https:\/\/defseminar.com\/en\/wp-json\/wp\/v2\/pages\/1248\/revisions\/2115"}],"wp:attachment":[{"href":"https:\/\/defseminar.com\/en\/wp-json\/wp\/v2\/media?parent=1248"}],"curies":[{"name":"wp","href":"https:\/\/api.w.org\/{rel}","templated":true}]}}